{"id":2,"date":"2015-05-12T10:37:32","date_gmt":"2015-05-12T08:37:32","guid":{"rendered":""},"modified":"2015-06-01T19:38:24","modified_gmt":"2015-06-01T17:38:24","slug":"beispiel-seite","status":"publish","type":"page","link":"http:\/\/www.internist-rheuma.at\/wp\/?page_id=2","title":{"rendered":"Leistungen"},"content":{"rendered":"<h4><a href=\"http:\/\/www.internist-rheuma.at\/wp\/?page_id=34\">EKG<\/a>\u00a0\u00a0\u00a0\u00a0\u00a0\u00a0<a href=\"http:\/\/www.internist-rheuma.at\/wp\/?page_id=46\">Herzultraschall<\/a>\u00a0\u00a0\u00a0\u00a0\u00a0\u00a0<a href=\"http:\/\/www.internist-rheuma.at\/wp\/?page_id=52\">OP Freigaben<\/a>\u00a0\u00a0\u00a0\u00a0\u00a0\u00a0<a href=\"http:\/\/www.internist-rheuma.at\/wp\/?page_id=54\">Vorsorgeuntersuchung<\/a>\u00a0\u00a0\u00a0\u00a0\u00a0\u00a0<a href=\"http:\/\/www.internist-rheuma.at\/wp\/?page_id=56\">Osteoporose<\/a>\u00a0\u00a0\u00a0\u00a0\u00a0\u00a0Blutdruckeinstellung<br \/>\nEinstellung des Blutzuckers<\/h4>\n<p>Als Facharzt f\u00fcr innere Medizin befasse ich mich mit einem gro\u00dfe Spektrum an Erkrankungen. Dazu z\u00e4hlt u.a. die Behandlung des Bluthochdruckes (arterielle Hypertonie), die Blutzuckererkrankung (Diabetes Mellitus), Erkrankungen des Herzens und der Atmungsorgane. Auch die Vorsorgemedizin ist mir besonders wichtig, da eine Vielzahl an Krankheiten aufgrund von Vorsorgeuntersuchungen verhindert werden k\u00f6nnen.<br \/>\nEin Schwerpunkt, neben meiner allgemein internistischen T\u00e4tigkeit, ist die Diagnose und Behandlung von Erkrankungen des rheumatischen Formenkreises. Eine fr\u00fchzeitige Diagnose und Therapie ist entscheidend f\u00fcr die Langzeitprognose dieser Erkrankungen.<br \/>\nDa es sich meist um chronische Erkrankungen handelt, ist eine langfristige Betreuung durch den Spezialisten von gro\u00dfer Bedeutung.<\/p>\n","protected":false},"excerpt":{"rendered":"<p>EKG\u00a0\u00a0\u00a0\u00a0\u00a0\u00a0Herzultraschall\u00a0\u00a0\u00a0\u00a0\u00a0\u00a0OP Freigaben\u00a0\u00a0\u00a0\u00a0\u00a0\u00a0Vorsorgeuntersuchung\u00a0\u00a0\u00a0\u00a0\u00a0\u00a0Osteoporose\u00a0\u00a0\u00a0\u00a0\u00a0\u00a0Blutdruckeinstellung Einstellung des Blutzuckers Als Facharzt f\u00fcr innere Medizin befasse ich mich mit einem gro\u00dfe Spektrum an Erkrankungen. Dazu z\u00e4hlt u.a. die Behandlung des Bluthochdruckes (arterielle Hypertonie), die Blutzuckererkrankung (Diabetes Mellitus), Erkrankungen des Herzens und der Atmungsorgane. Auch die Vorsorgemedizin ist mir besonders wichtig, da eine Vielzahl an Krankheiten aufgrund von Vorsorgeuntersuchungen verhindert werden [&hellip;]<\/p>\n","protected":false},"author":1,"featured_media":0,"parent":0,"menu_order":1,"comment_status":"open","ping_status":"closed","template":"","meta":[],"_links":{"self":[{"href":"http:\/\/www.internist-rheuma.at\/wp\/index.php?rest_route=\/wp\/v2\/pages\/2"}],"collection":[{"href":"http:\/\/www.internist-rheuma.at\/wp\/index.php?rest_route=\/wp\/v2\/pages"}],"about":[{"href":"http:\/\/www.internist-rheuma.at\/wp\/index.php?rest_route=\/wp\/v2\/types\/page"}],"author":[{"embeddable":true,"href":"http:\/\/www.internist-rheuma.at\/wp\/index.php?rest_route=\/wp\/v2\/users\/1"}],"replies":[{"embeddable":true,"href":"http:\/\/www.internist-rheuma.at\/wp\/index.php?rest_route=%2Fwp%2Fv2%2Fcomments&post=2"}],"version-history":[{"count":25,"href":"http:\/\/www.internist-rheuma.at\/wp\/index.php?rest_route=\/wp\/v2\/pages\/2\/revisions"}],"predecessor-version":[{"id":170,"href":"http:\/\/www.internist-rheuma.at\/wp\/index.php?rest_route=\/wp\/v2\/pages\/2\/revisions\/170"}],"wp:attachment":[{"href":"http:\/\/www.internist-rheuma.at\/wp\/index.php?rest_route=%2Fwp%2Fv2%2Fmedia&parent=2"}],"curies":[{"name":"wp","href":"https:\/\/api.w.org\/{rel}","templated":true}]}}