{"id":34,"date":"2015-05-25T13:40:56","date_gmt":"2015-05-25T11:40:56","guid":{"rendered":"http:\/\/www.internist-rheuma.at\/wp\/?page_id=34"},"modified":"2015-06-21T17:09:00","modified_gmt":"2015-06-21T15:09:00","slug":"ekg","status":"publish","type":"page","link":"http:\/\/www.internist-rheuma.at\/wp\/?page_id=34","title":{"rendered":"EKG"},"content":{"rendered":"<h4><a href=\"http:\/\/www.internist-rheuma.at\/wp\/?page_id=34\">EKG<\/a>\u00a0\u00a0\u00a0\u00a0\u00a0\u00a0<a href=\"http:\/\/www.internist-rheuma.at\/wp\/?page_id=46\">Herzultraschall<\/a>\u00a0\u00a0\u00a0\u00a0\u00a0\u00a0<a href=\"http:\/\/www.internist-rheuma.at\/wp\/?page_id=52\">OP Freigaben<\/a>\u00a0\u00a0\u00a0\u00a0\u00a0\u00a0<a href=\"http:\/\/www.internist-rheuma.at\/wp\/?page_id=54\">Vorsorgeuntersuchung<\/a>\u00a0\u00a0\u00a0\u00a0\u00a0\u00a0<a href=\"http:\/\/www.internist-rheuma.at\/wp\/?page_id=56\">Osteoporose<\/a>\u00a0\u00a0\u00a0\u00a0\u00a0\u00a0Blutdruckeinstellung<br \/>\nEinstellung des Blutzuckers<\/h4>\n<p><!--nextpage--><\/p>\n<p>Bei der Elektrokardiographie werden die vom Herz erzeugten elektrischen Str\u00f6me \u00fcber Elektroden, die am Brustkorb angelegt werden (meist mit Saugkn\u00f6pfen), abgeleitet und in Form einer Kurve dargestellt.<\/p>\n<p>Mit Hilfe diese Herzstromanalyse k\u00f6nnen zum Beispiel Herzrhythmusst\u00f6rungen und andere krankhaften Ver\u00e4nderungen dargestellt werden.<\/p>\n<p><!--nextpage--><\/p>\n<p><a href=\"http:\/\/www.internist-rheuma.at\/wp\/wp-content\/uploads\/2015\/05\/ekg_web3.png\"><img decoding=\"async\" loading=\"lazy\" class=\"alignright size-full wp-image-138\" src=\"http:\/\/www.internist-rheuma.at\/wp\/wp-content\/uploads\/2015\/05\/ekg_web3.png\" alt=\"ekg_web3\" width=\"500\" height=\"200\" srcset=\"http:\/\/www.internist-rheuma.at\/wp\/wp-content\/uploads\/2015\/05\/ekg_web3.png 500w, http:\/\/www.internist-rheuma.at\/wp\/wp-content\/uploads\/2015\/05\/ekg_web3-300x120.png 300w\" sizes=\"(max-width: 500px) 100vw, 500px\" \/><\/a><\/p>\n<p>&nbsp;<\/p>\n","protected":false},"excerpt":{"rendered":"<p>EKG\u00a0\u00a0\u00a0\u00a0\u00a0\u00a0Herzultraschall\u00a0\u00a0\u00a0\u00a0\u00a0\u00a0OP Freigaben\u00a0\u00a0\u00a0\u00a0\u00a0\u00a0Vorsorgeuntersuchung\u00a0\u00a0\u00a0\u00a0\u00a0\u00a0Osteoporose\u00a0\u00a0\u00a0\u00a0\u00a0\u00a0Blutdruckeinstellung Einstellung des Blutzuckers<\/p>\n","protected":false},"author":1,"featured_media":0,"parent":2,"menu_order":0,"comment_status":"open","ping_status":"open","template":"","meta":[],"_links":{"self":[{"href":"http:\/\/www.internist-rheuma.at\/wp\/index.php?rest_route=\/wp\/v2\/pages\/34"}],"collection":[{"href":"http:\/\/www.internist-rheuma.at\/wp\/index.php?rest_route=\/wp\/v2\/pages"}],"about":[{"href":"http:\/\/www.internist-rheuma.at\/wp\/index.php?rest_route=\/wp\/v2\/types\/page"}],"author":[{"embeddable":true,"href":"http:\/\/www.internist-rheuma.at\/wp\/index.php?rest_route=\/wp\/v2\/users\/1"}],"replies":[{"embeddable":true,"href":"http:\/\/www.internist-rheuma.at\/wp\/index.php?rest_route=%2Fwp%2Fv2%2Fcomments&post=34"}],"version-history":[{"count":16,"href":"http:\/\/www.internist-rheuma.at\/wp\/index.php?rest_route=\/wp\/v2\/pages\/34\/revisions"}],"predecessor-version":[{"id":275,"href":"http:\/\/www.internist-rheuma.at\/wp\/index.php?rest_route=\/wp\/v2\/pages\/34\/revisions\/275"}],"up":[{"embeddable":true,"href":"http:\/\/www.internist-rheuma.at\/wp\/index.php?rest_route=\/wp\/v2\/pages\/2"}],"wp:attachment":[{"href":"http:\/\/www.internist-rheuma.at\/wp\/index.php?rest_route=%2Fwp%2Fv2%2Fmedia&parent=34"}],"curies":[{"name":"wp","href":"https:\/\/api.w.org\/{rel}","templated":true}]}}