{"id":46,"date":"2015-05-25T14:21:04","date_gmt":"2015-05-25T12:21:04","guid":{"rendered":"http:\/\/www.internist-rheuma.at\/wp\/?page_id=46"},"modified":"2015-06-20T17:59:24","modified_gmt":"2015-06-20T15:59:24","slug":"herzultraschall","status":"publish","type":"page","link":"http:\/\/www.internist-rheuma.at\/wp\/?page_id=46","title":{"rendered":"Herzultraschall"},"content":{"rendered":"<h4><a href=\"http:\/\/www.internist-rheuma.at\/wp\/?page_id=34\">EKG<\/a>\u00a0\u00a0\u00a0\u00a0\u00a0\u00a0<a href=\"http:\/\/www.internist-rheuma.at\/wp\/?page_id=46\">Herzultraschall<\/a>\u00a0\u00a0\u00a0\u00a0\u00a0\u00a0<a href=\"http:\/\/www.internist-rheuma.at\/wp\/?page_id=52\">OP Freigaben<\/a>\u00a0\u00a0\u00a0\u00a0\u00a0\u00a0<a href=\"http:\/\/www.internist-rheuma.at\/wp\/?page_id=54\">Vorsorgeuntersuchung<\/a>\u00a0\u00a0\u00a0\u00a0\u00a0\u00a0<a href=\"http:\/\/www.internist-rheuma.at\/wp\/?page_id=56\">Osteoporose<\/a>\u00a0\u00a0\u00a0\u00a0\u00a0\u00a0Blutdruckeinstellung<br \/>\nEinstellung des Blutzuckers<\/h4>\n<p><!--nextpage--><\/p>\n<p>Echokardiographie nennt man die Untersuchung des Herzens mit Hilfe des Ultraschalls.<br \/>\nMittels dieser Untersuchung kann sehr verl\u00e4sslich die Herzt\u00e4tigkeit (Pumpfunktion, Wandbewegungsst\u00f6rungen, Klappenfehler,&#8230;.) beurteilt werden. Die Echokardiographie ist f\u00fcr den Internisten zur Beurteilung des Herzens einer der wichtigsten Untersuchungen.<\/p>\n<p><!--nextpage--><br \/>\n<a href=\"http:\/\/www.internist-rheuma.at\/wp\/wp-content\/uploads\/2015\/05\/echo_web4.png\"><img decoding=\"async\" loading=\"lazy\" class=\"alignright size-full wp-image-126\" src=\"http:\/\/www.internist-rheuma.at\/wp\/wp-content\/uploads\/2015\/05\/echo_web4.png\" alt=\"echo_web4\" width=\"450\" height=\"150\" srcset=\"http:\/\/www.internist-rheuma.at\/wp\/wp-content\/uploads\/2015\/05\/echo_web4.png 450w, http:\/\/www.internist-rheuma.at\/wp\/wp-content\/uploads\/2015\/05\/echo_web4-300x100.png 300w\" sizes=\"(max-width: 450px) 100vw, 450px\" \/><\/a><\/p>\n<p>&nbsp;<\/p>\n<p>&nbsp;<\/p>\n<p>&nbsp;<\/p>\n<p>&nbsp;<\/p>\n<p>&nbsp;<\/p>\n","protected":false},"excerpt":{"rendered":"<p>EKG\u00a0\u00a0\u00a0\u00a0\u00a0\u00a0Herzultraschall\u00a0\u00a0\u00a0\u00a0\u00a0\u00a0OP Freigaben\u00a0\u00a0\u00a0\u00a0\u00a0\u00a0Vorsorgeuntersuchung\u00a0\u00a0\u00a0\u00a0\u00a0\u00a0Osteoporose\u00a0\u00a0\u00a0\u00a0\u00a0\u00a0Blutdruckeinstellung Einstellung des Blutzuckers<\/p>\n","protected":false},"author":1,"featured_media":0,"parent":2,"menu_order":0,"comment_status":"open","ping_status":"open","template":"","meta":[],"_links":{"self":[{"href":"http:\/\/www.internist-rheuma.at\/wp\/index.php?rest_route=\/wp\/v2\/pages\/46"}],"collection":[{"href":"http:\/\/www.internist-rheuma.at\/wp\/index.php?rest_route=\/wp\/v2\/pages"}],"about":[{"href":"http:\/\/www.internist-rheuma.at\/wp\/index.php?rest_route=\/wp\/v2\/types\/page"}],"author":[{"embeddable":true,"href":"http:\/\/www.internist-rheuma.at\/wp\/index.php?rest_route=\/wp\/v2\/users\/1"}],"replies":[{"embeddable":true,"href":"http:\/\/www.internist-rheuma.at\/wp\/index.php?rest_route=%2Fwp%2Fv2%2Fcomments&post=46"}],"version-history":[{"count":16,"href":"http:\/\/www.internist-rheuma.at\/wp\/index.php?rest_route=\/wp\/v2\/pages\/46\/revisions"}],"predecessor-version":[{"id":245,"href":"http:\/\/www.internist-rheuma.at\/wp\/index.php?rest_route=\/wp\/v2\/pages\/46\/revisions\/245"}],"up":[{"embeddable":true,"href":"http:\/\/www.internist-rheuma.at\/wp\/index.php?rest_route=\/wp\/v2\/pages\/2"}],"wp:attachment":[{"href":"http:\/\/www.internist-rheuma.at\/wp\/index.php?rest_route=%2Fwp%2Fv2%2Fmedia&parent=46"}],"curies":[{"name":"wp","href":"https:\/\/api.w.org\/{rel}","templated":true}]}}