{"id":52,"date":"2015-05-25T14:22:45","date_gmt":"2015-05-25T12:22:45","guid":{"rendered":"http:\/\/www.internist-rheuma.at\/wp\/?page_id=52"},"modified":"2015-06-20T18:04:04","modified_gmt":"2015-06-20T16:04:04","slug":"op-freigaben","status":"publish","type":"page","link":"http:\/\/www.internist-rheuma.at\/wp\/?page_id=52","title":{"rendered":"OP Freigaben"},"content":{"rendered":"<h4><a href=\"http:\/\/www.internist-rheuma.at\/wp\/?page_id=34\">EKG<\/a>\u00a0\u00a0\u00a0\u00a0\u00a0\u00a0<a href=\"http:\/\/www.internist-rheuma.at\/wp\/?page_id=46\">Herzultraschall<\/a>\u00a0\u00a0\u00a0\u00a0\u00a0\u00a0<a href=\"http:\/\/www.internist-rheuma.at\/wp\/?page_id=52\">OP Freigaben<\/a>\u00a0\u00a0\u00a0\u00a0\u00a0\u00a0<a href=\"http:\/\/www.internist-rheuma.at\/wp\/?page_id=54\">Vorsorgeuntersuchung<\/a>\u00a0\u00a0\u00a0\u00a0\u00a0\u00a0<a href=\"http:\/\/www.internist-rheuma.at\/wp\/?page_id=56\">Osteoporose<\/a>\u00a0\u00a0\u00a0\u00a0\u00a0\u00a0Blutdruckeinstellung<br \/>\nEinstellung des Blutzuckers<\/h4>\n<p><!--nextpage--><\/p>\n<p>Mit Hilfe der \u00e4rztlich-internistischen Untersuchung wird das Risiko vor einer geplanten Operation eingesch\u00e4tzt.<\/p>\n<p>F\u00fcr eine Operationsfreigabe werden eine ausf\u00fchrliche Anamnese, eine k\u00f6rperliche Untersuchung, ein EKG, eine Blutdruckmessung und eventuell eine Spirometrie bzw. Echokardiographie oder Lungenr\u00f6ntgen ben\u00f6tigt.<\/p>\n<p>Der optimale Zeitpunkt f\u00fcr die Operationsfreigabe ist 1-2 Wochen vor dem Operationstermin.<!--nextpage--><a href=\"http:\/\/www.internist-rheuma.at\/wp\/wp-content\/uploads\/2015\/05\/op2.jpg\"><img decoding=\"async\" loading=\"lazy\" class=\"aligncenter size-full wp-image-197\" src=\"http:\/\/www.internist-rheuma.at\/wp\/wp-content\/uploads\/2015\/05\/op2.jpg\" alt=\"op2\" width=\"350\" height=\"263\" srcset=\"http:\/\/www.internist-rheuma.at\/wp\/wp-content\/uploads\/2015\/05\/op2.jpg 350w, http:\/\/www.internist-rheuma.at\/wp\/wp-content\/uploads\/2015\/05\/op2-300x225.jpg 300w\" sizes=\"(max-width: 350px) 100vw, 350px\" \/><\/a><\/p>\n","protected":false},"excerpt":{"rendered":"<p>EKG\u00a0\u00a0\u00a0\u00a0\u00a0\u00a0Herzultraschall\u00a0\u00a0\u00a0\u00a0\u00a0\u00a0OP Freigaben\u00a0\u00a0\u00a0\u00a0\u00a0\u00a0Vorsorgeuntersuchung\u00a0\u00a0\u00a0\u00a0\u00a0\u00a0Osteoporose\u00a0\u00a0\u00a0\u00a0\u00a0\u00a0Blutdruckeinstellung Einstellung des Blutzuckers<\/p>\n","protected":false},"author":1,"featured_media":0,"parent":2,"menu_order":0,"comment_status":"open","ping_status":"open","template":"","meta":[],"_links":{"self":[{"href":"http:\/\/www.internist-rheuma.at\/wp\/index.php?rest_route=\/wp\/v2\/pages\/52"}],"collection":[{"href":"http:\/\/www.internist-rheuma.at\/wp\/index.php?rest_route=\/wp\/v2\/pages"}],"about":[{"href":"http:\/\/www.internist-rheuma.at\/wp\/index.php?rest_route=\/wp\/v2\/types\/page"}],"author":[{"embeddable":true,"href":"http:\/\/www.internist-rheuma.at\/wp\/index.php?rest_route=\/wp\/v2\/users\/1"}],"replies":[{"embeddable":true,"href":"http:\/\/www.internist-rheuma.at\/wp\/index.php?rest_route=%2Fwp%2Fv2%2Fcomments&post=52"}],"version-history":[{"count":14,"href":"http:\/\/www.internist-rheuma.at\/wp\/index.php?rest_route=\/wp\/v2\/pages\/52\/revisions"}],"predecessor-version":[{"id":246,"href":"http:\/\/www.internist-rheuma.at\/wp\/index.php?rest_route=\/wp\/v2\/pages\/52\/revisions\/246"}],"up":[{"embeddable":true,"href":"http:\/\/www.internist-rheuma.at\/wp\/index.php?rest_route=\/wp\/v2\/pages\/2"}],"wp:attachment":[{"href":"http:\/\/www.internist-rheuma.at\/wp\/index.php?rest_route=%2Fwp%2Fv2%2Fmedia&parent=52"}],"curies":[{"name":"wp","href":"https:\/\/api.w.org\/{rel}","templated":true}]}}