{"id":54,"date":"2015-05-25T14:23:10","date_gmt":"2015-05-25T12:23:10","guid":{"rendered":"http:\/\/www.internist-rheuma.at\/wp\/?page_id=54"},"modified":"2015-06-21T17:10:47","modified_gmt":"2015-06-21T15:10:47","slug":"vorsorgeunterschung","status":"publish","type":"page","link":"http:\/\/www.internist-rheuma.at\/wp\/?page_id=54","title":{"rendered":"Vorsorgeunterschung"},"content":{"rendered":"<h4><a href=\"http:\/\/www.internist-rheuma.at\/wp\/?page_id=34\">EKG<\/a>\u00a0\u00a0\u00a0\u00a0\u00a0\u00a0<a href=\"http:\/\/www.internist-rheuma.at\/wp\/?page_id=46\">Herzultraschall<\/a>\u00a0\u00a0\u00a0\u00a0\u00a0\u00a0<a href=\"http:\/\/www.internist-rheuma.at\/wp\/?page_id=52\">OP Freigaben<\/a>\u00a0\u00a0\u00a0\u00a0\u00a0\u00a0<a href=\"http:\/\/www.internist-rheuma.at\/wp\/?page_id=54\">Vorsorgeuntersuchung<\/a>\u00a0\u00a0\u00a0\u00a0\u00a0\u00a0<a href=\"http:\/\/www.internist-rheuma.at\/wp\/?page_id=56\">Osteoporose<\/a>\u00a0\u00a0\u00a0\u00a0\u00a0\u00a0Blutdruckeinstellung<br \/>\nEinstellung des Blutzuckers<\/h4>\n<p>Die Vorsorgeuntersuchung bietet allen Personen ab dem 18. Lebensjahr einmal pro Jahr ein umfangreiches Untersuchungsprogramm. Mit dem Ziel der Fr\u00fcherkennung von Herz-Kreislauferkrankung, Stoffwechselerkrankungen bzw.\u00a0m\u00f6glicher\u00a0Tumore\u00a0stellt dieser Gesundheitscheck eine wichtige Untersuchung dar um\u00a0bei ersten Hinweisen auf\u00a0eine Erkrankung zeitgerecht entgegenzuwirken. Im Rahmen eines individuellen Beratungsgespr\u00e4ches erhalten Sie Empfehlungen f\u00fcr einen gesundheitsf\u00f6rdernden Lebensstil und Unterst\u00fctzung bei Ver\u00e4nderungsbedarf.<\/p>\n<p>Die Untersuchung ist f\u00fcr Sie kostenfrei, da die Verrechnung direkt mit der Krankenkasse erfolgt. Ab dem 50. Lebensjahr haben Sie im Rahmen der Vorsorgeuntersuchung auch Anspruch auf eine Darmspiegelung.<\/p>\n","protected":false},"excerpt":{"rendered":"<p>EKG\u00a0\u00a0\u00a0\u00a0\u00a0\u00a0Herzultraschall\u00a0\u00a0\u00a0\u00a0\u00a0\u00a0OP Freigaben\u00a0\u00a0\u00a0\u00a0\u00a0\u00a0Vorsorgeuntersuchung\u00a0\u00a0\u00a0\u00a0\u00a0\u00a0Osteoporose\u00a0\u00a0\u00a0\u00a0\u00a0\u00a0Blutdruckeinstellung Einstellung des Blutzuckers Die Vorsorgeuntersuchung bietet allen Personen ab dem 18. Lebensjahr einmal pro Jahr ein umfangreiches Untersuchungsprogramm. Mit dem Ziel der Fr\u00fcherkennung von Herz-Kreislauferkrankung, Stoffwechselerkrankungen bzw.\u00a0m\u00f6glicher\u00a0Tumore\u00a0stellt dieser Gesundheitscheck eine wichtige Untersuchung dar um\u00a0bei ersten Hinweisen auf\u00a0eine Erkrankung zeitgerecht entgegenzuwirken. Im Rahmen eines individuellen Beratungsgespr\u00e4ches erhalten Sie Empfehlungen f\u00fcr einen gesundheitsf\u00f6rdernden Lebensstil und [&hellip;]<\/p>\n","protected":false},"author":1,"featured_media":0,"parent":2,"menu_order":0,"comment_status":"open","ping_status":"open","template":"","meta":[],"_links":{"self":[{"href":"http:\/\/www.internist-rheuma.at\/wp\/index.php?rest_route=\/wp\/v2\/pages\/54"}],"collection":[{"href":"http:\/\/www.internist-rheuma.at\/wp\/index.php?rest_route=\/wp\/v2\/pages"}],"about":[{"href":"http:\/\/www.internist-rheuma.at\/wp\/index.php?rest_route=\/wp\/v2\/types\/page"}],"author":[{"embeddable":true,"href":"http:\/\/www.internist-rheuma.at\/wp\/index.php?rest_route=\/wp\/v2\/users\/1"}],"replies":[{"embeddable":true,"href":"http:\/\/www.internist-rheuma.at\/wp\/index.php?rest_route=%2Fwp%2Fv2%2Fcomments&post=54"}],"version-history":[{"count":8,"href":"http:\/\/www.internist-rheuma.at\/wp\/index.php?rest_route=\/wp\/v2\/pages\/54\/revisions"}],"predecessor-version":[{"id":276,"href":"http:\/\/www.internist-rheuma.at\/wp\/index.php?rest_route=\/wp\/v2\/pages\/54\/revisions\/276"}],"up":[{"embeddable":true,"href":"http:\/\/www.internist-rheuma.at\/wp\/index.php?rest_route=\/wp\/v2\/pages\/2"}],"wp:attachment":[{"href":"http:\/\/www.internist-rheuma.at\/wp\/index.php?rest_route=%2Fwp%2Fv2%2Fmedia&parent=54"}],"curies":[{"name":"wp","href":"https:\/\/api.w.org\/{rel}","templated":true}]}}