{"id":56,"date":"2015-05-25T14:24:18","date_gmt":"2015-05-25T12:24:18","guid":{"rendered":"http:\/\/www.internist-rheuma.at\/wp\/?page_id=56"},"modified":"2015-06-20T18:06:07","modified_gmt":"2015-06-20T16:06:07","slug":"osteoporose","status":"publish","type":"page","link":"http:\/\/www.internist-rheuma.at\/wp\/?page_id=56","title":{"rendered":"Osteoporose"},"content":{"rendered":"<h4><a href=\"http:\/\/www.internist-rheuma.at\/wp\/?page_id=34\">EKG<\/a>\u00a0\u00a0\u00a0\u00a0\u00a0\u00a0<a href=\"http:\/\/www.internist-rheuma.at\/wp\/?page_id=46\">Herzultraschall<\/a>\u00a0\u00a0\u00a0\u00a0\u00a0\u00a0<a href=\"http:\/\/www.internist-rheuma.at\/wp\/?page_id=52\">OP Freigaben<\/a>\u00a0\u00a0\u00a0\u00a0\u00a0\u00a0<a href=\"http:\/\/www.internist-rheuma.at\/wp\/?page_id=54\">Vorsorgeuntersuchung<\/a>\u00a0\u00a0\u00a0\u00a0\u00a0\u00a0<a href=\"http:\/\/www.internist-rheuma.at\/wp\/?page_id=56\">Osteoporose<\/a>\u00a0\u00a0\u00a0\u00a0\u00a0\u00a0Blutdruckeinstellung<br \/>\nEinstellung des Blutzuckers<\/h4>\n<p><a href=\"http:\/\/www.internist-rheuma.at\/wp\/wp-content\/uploads\/2015\/05\/osteo6.jpg\"><img decoding=\"async\" loading=\"lazy\" class=\" size-full wp-image-215 alignright\" src=\"http:\/\/www.internist-rheuma.at\/wp\/wp-content\/uploads\/2015\/05\/osteo6.jpg\" alt=\"osteo6\" width=\"300\" height=\"258\" \/><\/a>Die Osteoporose ist eine St\u00f6rung des Knochenstoffwechsels, wodurch es zu einem Verlust der Knochenmasse kommt. Aufgrund dieses Knochenschwundes kann es zu Frakturen (= Knochenbr\u00fcche) vor allem im Bereich des Oberschenkelknochens und der Wirbelk\u00f6rper kommen. Auch durch die Einnahme von Cortison z.B. aufgrund von rheumatischen Erkrankungen besteht die Gefahr einer Verschlechterung der Knochenqualtit\u00e4t. Die erh\u00f6hte Frakturanf\u00e4lligkeit kann jedoch das ganze Skelett betreffen.<\/p>\n<p>Einen Bestandteil zur Diagnosefindung stellt die Knochendichtemessung dar (Densitometrie). Des weiteren m\u00fcssen eine ausf\u00fchrliche Anamnese, eine klinische Untersuchung, Blutabnahme und eventuell ein R\u00f6ntgen d\u00fcrchgef\u00fchrt werden.<\/p>\n<p>Anschlie\u00dfend wird eine individuelle Osteoporosetherapie erstellt.<\/p>\n","protected":false},"excerpt":{"rendered":"<p>EKG\u00a0\u00a0\u00a0\u00a0\u00a0\u00a0Herzultraschall\u00a0\u00a0\u00a0\u00a0\u00a0\u00a0OP Freigaben\u00a0\u00a0\u00a0\u00a0\u00a0\u00a0Vorsorgeuntersuchung\u00a0\u00a0\u00a0\u00a0\u00a0\u00a0Osteoporose\u00a0\u00a0\u00a0\u00a0\u00a0\u00a0Blutdruckeinstellung Einstellung des Blutzuckers Die Osteoporose ist eine St\u00f6rung des Knochenstoffwechsels, wodurch es zu einem Verlust der Knochenmasse kommt. Aufgrund dieses Knochenschwundes kann es zu Frakturen (= Knochenbr\u00fcche) vor allem im Bereich des Oberschenkelknochens und der Wirbelk\u00f6rper kommen. Auch durch die Einnahme von Cortison z.B. aufgrund von rheumatischen Erkrankungen besteht die Gefahr einer Verschlechterung [&hellip;]<\/p>\n","protected":false},"author":1,"featured_media":0,"parent":2,"menu_order":0,"comment_status":"open","ping_status":"open","template":"","meta":[],"_links":{"self":[{"href":"http:\/\/www.internist-rheuma.at\/wp\/index.php?rest_route=\/wp\/v2\/pages\/56"}],"collection":[{"href":"http:\/\/www.internist-rheuma.at\/wp\/index.php?rest_route=\/wp\/v2\/pages"}],"about":[{"href":"http:\/\/www.internist-rheuma.at\/wp\/index.php?rest_route=\/wp\/v2\/types\/page"}],"author":[{"embeddable":true,"href":"http:\/\/www.internist-rheuma.at\/wp\/index.php?rest_route=\/wp\/v2\/users\/1"}],"replies":[{"embeddable":true,"href":"http:\/\/www.internist-rheuma.at\/wp\/index.php?rest_route=%2Fwp%2Fv2%2Fcomments&post=56"}],"version-history":[{"count":19,"href":"http:\/\/www.internist-rheuma.at\/wp\/index.php?rest_route=\/wp\/v2\/pages\/56\/revisions"}],"predecessor-version":[{"id":249,"href":"http:\/\/www.internist-rheuma.at\/wp\/index.php?rest_route=\/wp\/v2\/pages\/56\/revisions\/249"}],"up":[{"embeddable":true,"href":"http:\/\/www.internist-rheuma.at\/wp\/index.php?rest_route=\/wp\/v2\/pages\/2"}],"wp:attachment":[{"href":"http:\/\/www.internist-rheuma.at\/wp\/index.php?rest_route=%2Fwp%2Fv2%2Fmedia&parent=56"}],"curies":[{"name":"wp","href":"https:\/\/api.w.org\/{rel}","templated":true}]}}