{"id":7,"date":"2015-05-25T11:10:04","date_gmt":"2015-05-25T09:10:04","guid":{"rendered":"http:\/\/www.internist-rheuma.at\/wp\/?page_id=7"},"modified":"2015-06-21T17:03:08","modified_gmt":"2015-06-21T15:03:08","slug":"rheumatologie","status":"publish","type":"page","link":"http:\/\/www.internist-rheuma.at\/wp\/?page_id=7","title":{"rendered":"Rheumatologie"},"content":{"rendered":"<div class=\"post-body\">\n<p>Gelenksschmerzen stellen in der heutigen Zeit ein h\u00e4ufiges Problem dar. Jedoch nicht jeder Schmerz deutet auf eine rheumatische Erkrankung hin. Es sollte eine Abkl\u00e4rung der Beschwerden erfolgen, da nur aufgrund einer entsprechenden Diagnose eine fr\u00fchzeitige Therapie begonnen werden kann. Der Verlauf der Erkrankung l\u00e4sst sich um so besser beeinflussen, je rascher eine spezielle Therapie eingeleitet wird (Time is joint \u2013 Zeit ist Gelenk).<\/p>\n<ul>\n<li>Rheumatologische Begutachtung \u2013 Gelenksstatus<img decoding=\"async\" loading=\"lazy\" class=\"alignright size-full wp-image-94\" src=\"http:\/\/www.internist-rheuma.at\/wp\/wp-content\/uploads\/2015\/05\/rheuma.png\" alt=\"rheuma\" width=\"446\" height=\"177\" srcset=\"http:\/\/www.internist-rheuma.at\/wp\/wp-content\/uploads\/2015\/05\/rheuma.png 446w, http:\/\/www.internist-rheuma.at\/wp\/wp-content\/uploads\/2015\/05\/rheuma-300x119.png 300w\" sizes=\"(max-width: 446px) 100vw, 446px\" \/><\/li>\n<li>Therapie entz\u00fcndlicher und nicht entz\u00fcndlicher Gelenkserkrankungen<\/li>\n<li>Therapie des Weichteilrheumatismus<\/li>\n<li>Infiltrationstherapien und intraven\u00f6se Schmerztherapie<\/li>\n<li>Biologika-Therapie<\/li>\n<li>Gelenkpunktionen<\/li>\n<\/ul>\n<p>&nbsp;<\/p>\n<\/div>\n","protected":false},"excerpt":{"rendered":"<p>Gelenksschmerzen stellen in der heutigen Zeit ein h\u00e4ufiges Problem dar. Jedoch nicht jeder Schmerz deutet auf eine rheumatische Erkrankung hin. Es sollte eine Abkl\u00e4rung der Beschwerden erfolgen, da nur aufgrund einer entsprechenden Diagnose eine fr\u00fchzeitige Therapie begonnen werden kann. Der Verlauf der Erkrankung l\u00e4sst sich um so besser beeinflussen, je rascher eine spezielle Therapie eingeleitet [&hellip;]<\/p>\n","protected":false},"author":1,"featured_media":0,"parent":0,"menu_order":2,"comment_status":"open","ping_status":"open","template":"","meta":[],"_links":{"self":[{"href":"http:\/\/www.internist-rheuma.at\/wp\/index.php?rest_route=\/wp\/v2\/pages\/7"}],"collection":[{"href":"http:\/\/www.internist-rheuma.at\/wp\/index.php?rest_route=\/wp\/v2\/pages"}],"about":[{"href":"http:\/\/www.internist-rheuma.at\/wp\/index.php?rest_route=\/wp\/v2\/types\/page"}],"author":[{"embeddable":true,"href":"http:\/\/www.internist-rheuma.at\/wp\/index.php?rest_route=\/wp\/v2\/users\/1"}],"replies":[{"embeddable":true,"href":"http:\/\/www.internist-rheuma.at\/wp\/index.php?rest_route=%2Fwp%2Fv2%2Fcomments&post=7"}],"version-history":[{"count":12,"href":"http:\/\/www.internist-rheuma.at\/wp\/index.php?rest_route=\/wp\/v2\/pages\/7\/revisions"}],"predecessor-version":[{"id":272,"href":"http:\/\/www.internist-rheuma.at\/wp\/index.php?rest_route=\/wp\/v2\/pages\/7\/revisions\/272"}],"wp:attachment":[{"href":"http:\/\/www.internist-rheuma.at\/wp\/index.php?rest_route=%2Fwp%2Fv2%2Fmedia&parent=7"}],"curies":[{"name":"wp","href":"https:\/\/api.w.org\/{rel}","templated":true}]}}